{"id":274,"date":"2020-12-18T11:26:17","date_gmt":"2020-12-18T10:26:17","guid":{"rendered":"http:\/\/www.konradthaler.com\/?page_id=274"},"modified":"2025-10-30T09:33:50","modified_gmt":"2025-10-30T08:33:50","slug":"dienste","status":"publish","type":"page","link":"https:\/\/www.konradthaler.com\/de\/dienste","title":{"rendered":"Dienste"},"content":{"rendered":"<div class=\"fusion-fullwidth fullwidth-box fusion-builder-row-1 fusion-flex-container nonhundred-percent-fullwidth non-hundred-percent-height-scrolling fusion-animated\" style=\"background-color: rgba(255,255,255,0);background-position: center center;background-repeat: no-repeat;border-width: 0px 0px 0px 0px;border-color:#e2e2e2;border-style:solid;\" data-animationType=\"slideInLeft\" data-animationDuration=\"1.0\" data-animationOffset=\"100%\" ><div class=\"fusion-builder-row fusion-row fusion-flex-align-items-flex-start\" style=\"max-width:1352px;margin-left: calc(-4% \/ 2 );margin-right: calc(-4% \/ 2 );\"><div class=\"fusion-layout-column fusion_builder_column fusion-builder-column-0 fusion_builder_column_1_1 1_1 fusion-flex-column\"><div class=\"fusion-column-wrapper fusion-flex-justify-content-flex-start fusion-content-layout-column\" style=\"background-position:left top;background-repeat:no-repeat;-webkit-background-size:cover;-moz-background-size:cover;-o-background-size:cover;background-size:cover;padding: 0px 0px 0px 0px;\"><div class=\"fusion-text fusion-text-1\"><h3>HOCHBAU<\/h3>\n<p>Sie wollen sich endlich Ihren Traum vom eigenen Heim oder vom neuen Firmensitz verwirklichen und suchen noch den richtigen Partner f\u00fcr die Baumeister &#8211; Arbeiten? Gerne \u00fcbernehmen wir diese Arbeiten auch schl\u00fcsselfertig damit der Ablauf besser geplant und die Arbeiten dadurch schneller durchgef\u00fchrt werden k\u00f6nnen, au\u00dferdem sparen sich unsere Kunden dadurch viel Arbeit ein. Setzen Sie sich doch noch heute mit uns in Verbindung um keine Zeit zu verlieren!<\/p>\n<h3>UMBAUARBEITEN UND SANIERUNGEN VON FASSADEN<\/h3>\n<p>Sie m\u00f6chten Ihre Wohnung komplett neu gestalten oder auch nur einen Raum vergr\u00f6\u00dfern, eine T\u00fcr versetzen, ein Fenster durchbrechen?<br \/>\nDie Fassade soll erneuert werden um Ihr Haus wieder in neuem Glanz erstrahlen zu lassen?<br \/>\nF\u00fcr solche und \u00e4hnliche F\u00e4lle sind wir genau der richtige Partner, durch unsere hohe Flexibilit\u00e4t k\u00f6nnen wir innerhalb k\u00fcrzester Zeit diese Arbeiten durchf\u00fchren.<br \/>\nDurch unsere jahrelange Zusammenarbeit mit Handwerkern aller verschiedenen Branchen wie Elektriker, Hydrauliker, \u00fcbernehmen wir solche Arbeiten gerne auch schl\u00fcsselfertig f\u00fcr Sie damit der Ablauf besser geplant und die Arbeiten schneller durchgef\u00fchrt werden k\u00f6nnen.<\/p>\n<h3>PL\u00c4TZE, INNENH\u00d6FE, G\u00c4RTEN &#8211; ANSTELLE VON VERLEGUNG VON PFLASTERSTEINEN<\/h3>\n<p>Die Platten im Innenhof sind zerbrochen und m\u00fcssen ausgetauscht werden?<br \/>\nEine Au\u00dfenmauer oder die Rampe der Garageneinfahrt ist dringend zu erneuern?<br \/>\nOder soll der gesamte Garten und die Terrasse neu gestaltet werden?<br \/>\nWir sorgen gerne daf\u00fcr, dass Sie Ihren eigenen Au\u00dfenbereich wieder richtig genie\u00dfen k\u00f6nnen!<\/p>\n<h3>ISOLIERUNGEN UND D\u00c4MMUNGEN<\/h3>\n<p>In den letzten Jahren haben wir uns ganz besonders auf die Reparatur von undichten Flachd\u00e4chern und Garagendecken und durch selbst entwickelte Techniken im Bereich der Undichtigkeit von Decken und Flachd\u00e4chern finden wir f\u00fcr unsere Kunden stets die kosteng\u00fcnstigste L\u00f6sung gegen das Eindringen und Durchsickern von Wasser. Alle Arbeiten, vom Aushub bis zum Verlegen und Verschwei\u00dfen der Isolierung sowie das abschlie\u00dfende Auff\u00fcllen werden von unserem eigens geschulten Personal durchgef\u00fchrt. Dadurch liegt die Verantwortung f\u00fcr die ordnungsgem\u00e4\u00dfe Durchf\u00fchrung der Arbeiten alleine bei uns und wir \u00fcbernehmen die Garantie auf die gesamten Arbeiten. Auch im Bereich der W\u00e4rmed\u00e4mmung \u201ecappotto\u201c und der damit evt. verbundenen Kubatur-Erweiterung k\u00f6nnen Sie von unserer mittlerweile jahrelangen Erfahrung profitieren. M\u00f6chten auch Sie die Gelegenheit nutzen um langfristig Energie und somit Spesen einzusparen und vielleicht die Kubatur Ihrer Wohnung zu erweitern, helfen wir Ihnen gerne dabei.<\/p>\n<h3>VIDEOINSPEKTIONEN<\/h3>\n<p>Wir f\u00fchren Video-Inspektionen von Rohren mit unserer Videokamera durch. So k\u00f6nnen wir schneller die Ursache von Verstopfungen finden und diese beheben. Dank dieses effizienten Dienstes k\u00f6nnen gr\u00f6\u00dfere Sch\u00e4den, \u00c4rger und Folgekosten f\u00fcr unsere Kunden vermieden werden.<\/p>\n<h3>Sanierungsarbeiten von B\u00e4dern:<\/h3>\n<p>Seit 2024 \u00fcbernehmen wir auch verschiedene Sanierungsarbeiten von B\u00e4dern.<\/p>\n<\/div><\/div><\/div><style type=\"text\/css\">.fusion-body .fusion-builder-column-0{width:100% !important;margin-top : 0px;margin-bottom : 20px;}.fusion-builder-column-0 > .fusion-column-wrapper {padding-top : 0px !important;padding-right : 0px !important;margin-right : 1.92%;padding-bottom : 0px !important;padding-left : 0px !important;margin-left : 1.92%;}@media only screen and (max-width:1024px) {.fusion-body .fusion-builder-column-0{width:100% !important;order : 0;}.fusion-builder-column-0 > .fusion-column-wrapper {margin-right : 1.92%;margin-left : 1.92%;}}@media only screen and (max-width:640px) {.fusion-body .fusion-builder-column-0{width:100% !important;order : 0;}.fusion-builder-column-0 > .fusion-column-wrapper {margin-right : 1.92%;margin-left : 1.92%;}}<\/style><\/div><style type=\"text\/css\">.fusion-body .fusion-flex-container.fusion-builder-row-1{ padding-top : 0px;margin-top : 0px;padding-right : 0px;padding-bottom : 0px;margin-bottom : 0px;padding-left : 0px;}<\/style><\/div>\n","protected":false},"excerpt":{"rendered":"","protected":false},"author":1,"featured_media":0,"parent":0,"menu_order":0,"comment_status":"closed","ping_status":"closed","template":"","meta":[],"_links":{"self":[{"href":"https:\/\/www.konradthaler.com\/de\/wp-json\/wp\/v2\/pages\/274"}],"collection":[{"href":"https:\/\/www.konradthaler.com\/de\/wp-json\/wp\/v2\/pages"}],"about":[{"href":"https:\/\/www.konradthaler.com\/de\/wp-json\/wp\/v2\/types\/page"}],"author":[{"embeddable":true,"href":"https:\/\/www.konradthaler.com\/de\/wp-json\/wp\/v2\/users\/1"}],"replies":[{"embeddable":true,"href":"https:\/\/www.konradthaler.com\/de\/wp-json\/wp\/v2\/comments?post=274"}],"version-history":[{"count":12,"href":"https:\/\/www.konradthaler.com\/de\/wp-json\/wp\/v2\/pages\/274\/revisions"}],"predecessor-version":[{"id":2080,"href":"https:\/\/www.konradthaler.com\/de\/wp-json\/wp\/v2\/pages\/274\/revisions\/2080"}],"wp:attachment":[{"href":"https:\/\/www.konradthaler.com\/de\/wp-json\/wp\/v2\/media?parent=274"}],"curies":[{"name":"wp","href":"https:\/\/api.w.org\/{rel}","templated":true}]}}