{"id":254,"date":"2020-12-18T11:21:17","date_gmt":"2020-12-18T10:21:17","guid":{"rendered":"http:\/\/www.konradthaler.com\/?page_id=254"},"modified":"2025-10-30T09:35:03","modified_gmt":"2025-10-30T08:35:03","slug":"home","status":"publish","type":"page","link":"https:\/\/www.konradthaler.com\/de","title":{"rendered":"Home"},"content":{"rendered":"<p><div class=\"fusion-fullwidth fullwidth-box fusion-builder-row-1 fusion-flex-container nonhundred-percent-fullwidth non-hundred-percent-height-scrolling fusion-animated\" style=\"background-color: rgba(255,255,255,0);background-position: center center;background-repeat: no-repeat;border-width: 0px 0px 0px 0px;border-color:#e2e2e2;border-style:solid;\" data-animationType=\"slideInLeft\" data-animationDuration=\"1.0\" data-animationOffset=\"100%\" ><div class=\"fusion-builder-row fusion-row fusion-flex-align-items-flex-start\" style=\"max-width:1352px;margin-left: calc(-4% \/ 2 );margin-right: calc(-4% \/ 2 );\"><div class=\"fusion-layout-column fusion_builder_column fusion-builder-column-0 fusion_builder_column_3_4 3_4 fusion-flex-column fusion-flex-align-self-center\"><div class=\"fusion-column-wrapper fusion-flex-justify-content-flex-start fusion-content-layout-column\" style=\"background-position:left top;background-repeat:no-repeat;-webkit-background-size:cover;-moz-background-size:cover;-o-background-size:cover;background-size:cover;padding: 0px 0px 0px 0px;\"><div class=\"fusion-text fusion-text-1\"><p>Unser Bauunternehmen mit Sitz in Deutschnofen ist nun schon seit \u00fcber 30 Jahren im Bausektor t\u00e4tig.<\/p>\n<p>Die Betreuung und Beratung unserer Kunden erfolgt direkt durch die Firmeninhaber, qualifizierte Maurer sorgen f\u00fcr eine rasche und saubere Erledigung der verschiedenen Arbeiten, im B\u00fcro wird die anfallende B\u00fcrokratie erledigt.<\/p>\n<p>Wir garantieren eine einwandfreie Durchf\u00fchrung der Arbeiten innerhalb der vereinbarten Termine.<\/p>\n<p>Durch die Zusammenarbeit mit verschiedenen Betrieben, auch aus anderen Branchen wie Elektriker und Hydrauliker, haben wir in vielen Bereichen verl\u00e4ssliche Partner und \u00fcbernehmen die Arbeiten gerne auch schl\u00fcsselfertig, wodurch wir unseren Kunden viel Arbeitsaufwand ersparen. Die Arbeiten k\u00f6nnen dadurch auch besser organisiert und eingeteilt werden und werden schneller abgeschlossen.<\/p>\n<\/div><\/div><\/div><style type=\"text\/css\">.fusion-body .fusion-builder-column-0{width:75% !important;margin-top : 0px;margin-bottom : 0px;}.fusion-builder-column-0 > .fusion-column-wrapper {padding-top : 0px !important;padding-right : 0px !important;margin-right : 3.84%;padding-bottom : 0px !important;padding-left : 0px !important;margin-left : 2.56%;}@media only screen and (max-width:1024px) {.fusion-body .fusion-builder-column-0{width:75% !important;order : 0;}.fusion-builder-column-0 > .fusion-column-wrapper {margin-right : 3.84%;margin-left : 2.56%;}}@media only screen and (max-width:640px) {.fusion-body .fusion-builder-column-0{width:100% !important;order : 0;}.fusion-builder-column-0 > .fusion-column-wrapper {margin-right : 1.92%;margin-left : 1.92%;}}<\/style><div class=\"fusion-layout-column fusion_builder_column fusion-builder-column-1 fusion_builder_column_1_4 1_4 fusion-flex-column fusion-flex-align-self-center\"><div class=\"fusion-column-wrapper fusion-flex-justify-content-flex-start fusion-content-layout-column\" style=\"background-position:left top;background-repeat:no-repeat;-webkit-background-size:cover;-moz-background-size:cover;-o-background-size:cover;background-size:cover;border-width: 2px 2px 2px 2px;border-color:#ff0000;border-style:solid;padding: 0px 15px 0px 15px;\"><div class=\"fusion-text fusion-text-2\"><h3 style=\"text-align: center;\">NEUHEIT<\/h3>\n<p>Baggerarbeiten von 1,8T, 3,5T und 9T.<\/p>\n<p>Verschiedene Instandhaltungsarbeiten an Zufahrtsstra\u00dfen<\/p>\n<p>Verlegung von Rohrleitungen, Verlegung von Randsteinen und verschiedenen Steinmauern, Betonmauern und Fundamente.<\/p>\n<\/div><\/div><\/div><style type=\"text\/css\">.fusion-body .fusion-builder-column-1{width:25% !important;margin-top : 0px;margin-bottom : 20px;}.fusion-builder-column-1 > .fusion-column-wrapper {padding-top : 0px !important;padding-right : 15px !important;margin-right : 7.68%;padding-bottom : 0px !important;padding-left : 15px !important;margin-left : 7.68%;}@media only screen and (max-width:1024px) {.fusion-body .fusion-builder-column-1{width:25% !important;order : 0;}.fusion-builder-column-1 > .fusion-column-wrapper {margin-right : 7.68%;margin-left : 7.68%;}}@media only screen and (max-width:640px) {.fusion-body .fusion-builder-column-1{width:100% !important;order : 0;}.fusion-builder-column-1 > .fusion-column-wrapper {margin-right : 1.92%;margin-left : 1.92%;}}<\/style><\/div><style type=\"text\/css\">.fusion-body .fusion-flex-container.fusion-builder-row-1{ padding-top : 0px;margin-top : 0px;padding-right : 0px;padding-bottom : 0px;margin-bottom : 0px;padding-left : 0px;}<\/style><\/div><div class=\"fusion-fullwidth fullwidth-box fusion-builder-row-2 fusion-flex-container nonhundred-percent-fullwidth non-hundred-percent-height-scrolling fusion-animated\" style=\"background-color: rgba(255,255,255,0);background-position: center center;background-repeat: no-repeat;border-width: 0px 0px 0px 0px;border-color:#e2e2e2;border-style:solid;\" data-animationType=\"slideInLeft\" data-animationDuration=\"1.0\" data-animationOffset=\"100%\" ><div class=\"fusion-builder-row fusion-row fusion-flex-align-items-flex-start\" style=\"max-width:1352px;margin-left: calc(-4% \/ 2 );margin-right: calc(-4% \/ 2 );\"><div class=\"fusion-layout-column fusion_builder_column fusion-builder-column-2 fusion_builder_column_1_1 1_1 fusion-flex-column\"><div class=\"fusion-column-wrapper fusion-flex-justify-content-flex-start fusion-content-layout-column\" style=\"background-position:left top;background-repeat:no-repeat;-webkit-background-size:cover;-moz-background-size:cover;-o-background-size:cover;background-size:cover;padding: 0px 0px 0px 0px;\"><div class=\"fusion-text fusion-text-3\"><h3>LETZTE REALISIERTE PROJEKTE<\/h3>\n<\/div><div class=\"fusion-blog-shortcode fusion-blog-shortcode-1 fusion-blog-archive fusion-blog-layout-grid-wrapper fusion-blog-no fusion-blog-layout-center\"><style type=\"text\/css\">.fusion-blog-shortcode-1 .fusion-blog-layout-grid .fusion-post-grid{padding:5px;}.fusion-blog-shortcode-1 .fusion-posts-container{margin-left: -5px !important; margin-right:-5px !important;}<\/style><div class=\"fusion-posts-container fusion-posts-container-no fusion-no-meta-info fusion-blog-rollover fusion-blog-layout-grid fusion-blog-layout-grid-4 isotope fusion-blog-equal-heights\" data-pages=\"4\" data-grid-col-space=\"10\" style=\"margin: -5px -5px 0;min-height:500px;\"><article id=\"blog-1-post-2151\" class=\"fusion-post-grid post-2151 post type-post status-publish format-standard has-post-thumbnail hentry category-projekte\">\n<div class=\"fusion-post-wrapper\" style=\"background-color:rgba(255,255,255,0);border:1px solid #ffffff;border-bottom-width:3px;\">\n\n\t\t\t<div class=\"fusion-flexslider flexslider fusion-flexslider-loading fusion-post-slideshow\" style=\"border-color:#ffffff;\">\n\t\t<ul class=\"slides\">\n\t\t\t\n\t\t\t\t\t\t\t\t\t\t\t\t\t\t<li>\n\n<div  class=\"fusion-image-wrapper\" aria-haspopup=\"true\">\n\t\n\t\n\t\t\n\t\t\t\t\t<img width=\"710\" height=\"947\" src=\"https:\/\/www.konradthaler.com\/wp-content\/uploads\/20260322_181712.jpg\" class=\"attachment-full size-full wp-post-image\" alt=\"\" decoding=\"async\" loading=\"lazy\" srcset=\"https:\/\/www.konradthaler.com\/wp-content\/uploads\/20260322_181712-200x267.jpg 200w, https:\/\/www.konradthaler.com\/wp-content\/uploads\/20260322_181712-400x534.jpg 400w, https:\/\/www.konradthaler.com\/wp-content\/uploads\/20260322_181712-600x800.jpg 600w, https:\/\/www.konradthaler.com\/wp-content\/uploads\/20260322_181712.jpg 710w\" sizes=\"(min-width: 2200px) 100vw, (min-width: 856px) 318px, (min-width: 784px) 423px, (min-width: 712px) 635px, (min-width: 640px) 712px, \" \/>\n\t\n\n\t\t<div class=\"fusion-rollover\">\n\t<div class=\"fusion-rollover-content\">\n\n\t\t\t\t\t\t\t\t\t\t\t\t\t\t<a class=\"fusion-rollover-link\" href=\"https:\/\/www.konradthaler.com\/de\/errichtung-einer-neuen-duschkabine\">Errichtung einer neuen Duschkabine<\/a>\n\t\t\t\n\t\t\t\t\t\t\t\t\n\t\t\t\t\n\t\t\t\t\t\t\t\t\n\t\t\t\t\t\t\t\t\n\t\t\n\t\t\t\t<a class=\"fusion-link-wrapper\" href=\"https:\/\/www.konradthaler.com\/de\/errichtung-einer-neuen-duschkabine\" aria-label=\"Errichtung einer neuen Duschkabine\"><\/a>\n\t<\/div>\n<\/div>\n\n\t\n<\/div>\n<\/li>\n\t\t\t\n\t\t\t\n\t\t\t\t\t\t\t\t\t\t\t\t\t\t\t\t\t\t\t\t\t\t\t\t\t\t\t\t\t\t\t\t\t\t\t\t\t\t\t\t\t\t\t\t\t\t\t\t\t\t\t\t\t\t\t\t\t\t\t\t\t\t\t\t\t\t\t\t<\/ul>\n\t<\/div>\n\t<div class=\"fusion-post-content-wrapper\" style=\"padding:20px 20px 20px 20px;\"><div class=\"fusion-post-content post-content\"><h2 class=\"blog-shortcode-post-title\"><a href=\"https:\/\/www.konradthaler.com\/de\/errichtung-einer-neuen-duschkabine\">Errichtung einer neuen Duschkabine<\/a><\/h2><\/div><\/div><div class=\"fusion-clearfix\"><\/div><\/div>\n<\/article>\n<article id=\"blog-1-post-2148\" class=\"fusion-post-grid post-2148 post type-post status-publish format-standard has-post-thumbnail hentry category-projekte\">\n<div class=\"fusion-post-wrapper\" style=\"background-color:rgba(255,255,255,0);border:1px solid #ffffff;border-bottom-width:3px;\">\n\n\t\t\t<div class=\"fusion-flexslider flexslider fusion-flexslider-loading fusion-post-slideshow\" style=\"border-color:#ffffff;\">\n\t\t<ul class=\"slides\">\n\t\t\t\n\t\t\t\t\t\t\t\t\t\t\t\t\t\t<li>\n\n<div  class=\"fusion-image-wrapper\" aria-haspopup=\"true\">\n\t\n\t\n\t\t\n\t\t\t\t\t<img width=\"710\" height=\"947\" src=\"https:\/\/www.konradthaler.com\/wp-content\/uploads\/20251127_160538-1.jpg\" class=\"attachment-full size-full wp-post-image\" alt=\"\" decoding=\"async\" loading=\"lazy\" srcset=\"https:\/\/www.konradthaler.com\/wp-content\/uploads\/20251127_160538-1-200x267.jpg 200w, https:\/\/www.konradthaler.com\/wp-content\/uploads\/20251127_160538-1-400x534.jpg 400w, https:\/\/www.konradthaler.com\/wp-content\/uploads\/20251127_160538-1-600x800.jpg 600w, https:\/\/www.konradthaler.com\/wp-content\/uploads\/20251127_160538-1.jpg 710w\" sizes=\"(min-width: 2200px) 100vw, (min-width: 856px) 318px, (min-width: 784px) 423px, (min-width: 712px) 635px, (min-width: 640px) 712px, \" \/>\n\t\n\n\t\t<div class=\"fusion-rollover\">\n\t<div class=\"fusion-rollover-content\">\n\n\t\t\t\t\t\t\t\t\t\t\t\t\t\t<a class=\"fusion-rollover-link\" href=\"https:\/\/www.konradthaler.com\/de\/interne-umbau-und-sanierungsarbeiten-in-einer-wohnung-in-bozen\">Interne Umbau- und Sanierungsarbeiten in einer Wohnung in Bozen.<\/a>\n\t\t\t\n\t\t\t\t\t\t\t\t\n\t\t\t\t\n\t\t\t\t\t\t\t\t\n\t\t\t\t\t\t\t\t\n\t\t\n\t\t\t\t<a class=\"fusion-link-wrapper\" href=\"https:\/\/www.konradthaler.com\/de\/interne-umbau-und-sanierungsarbeiten-in-einer-wohnung-in-bozen\" aria-label=\"Interne Umbau- und Sanierungsarbeiten in einer Wohnung in Bozen.\"><\/a>\n\t<\/div>\n<\/div>\n\n\t\n<\/div>\n<\/li>\n\t\t\t\n\t\t\t\n\t\t\t\t\t\t\t\t\t\t\t\t\t\t\t\t\t\t\t\t\t\t\t\t\t\t\t\t\t\t\t\t\t\t\t\t\t\t\t\t\t\t\t\t\t\t\t\t\t\t\t\t\t\t\t\t\t\t\t\t\t\t\t\t\t\t\t\t<\/ul>\n\t<\/div>\n\t<div class=\"fusion-post-content-wrapper\" style=\"padding:20px 20px 20px 20px;\"><div class=\"fusion-post-content post-content\"><h2 class=\"blog-shortcode-post-title\"><a href=\"https:\/\/www.konradthaler.com\/de\/interne-umbau-und-sanierungsarbeiten-in-einer-wohnung-in-bozen\">Interne Umbau- und Sanierungsarbeiten in einer Wohnung in Bozen.<\/a><\/h2><\/div><\/div><div class=\"fusion-clearfix\"><\/div><\/div>\n<\/article>\n<article id=\"blog-1-post-2016\" class=\"fusion-post-grid post-2016 post type-post status-publish format-standard has-post-thumbnail hentry category-projekte\">\n<div class=\"fusion-post-wrapper\" style=\"background-color:rgba(255,255,255,0);border:1px solid #ffffff;border-bottom-width:3px;\">\n\n\t\t\t<div class=\"fusion-flexslider flexslider fusion-flexslider-loading fusion-post-slideshow\" style=\"border-color:#ffffff;\">\n\t\t<ul class=\"slides\">\n\t\t\t\n\t\t\t\t\t\t\t\t\t\t\t\t\t\t<li>\n\n<div  class=\"fusion-image-wrapper\" aria-haspopup=\"true\">\n\t\n\t\n\t\t\n\t\t\t\t\t<img width=\"710\" height=\"947\" src=\"https:\/\/www.konradthaler.com\/wp-content\/uploads\/20250701_090442.jpg\" class=\"attachment-full size-full wp-post-image\" alt=\"\" decoding=\"async\" loading=\"lazy\" srcset=\"https:\/\/www.konradthaler.com\/wp-content\/uploads\/20250701_090442-200x267.jpg 200w, https:\/\/www.konradthaler.com\/wp-content\/uploads\/20250701_090442-400x534.jpg 400w, https:\/\/www.konradthaler.com\/wp-content\/uploads\/20250701_090442-600x800.jpg 600w, https:\/\/www.konradthaler.com\/wp-content\/uploads\/20250701_090442.jpg 710w\" sizes=\"(min-width: 2200px) 100vw, (min-width: 856px) 318px, (min-width: 784px) 423px, (min-width: 712px) 635px, (min-width: 640px) 712px, \" \/>\n\t\n\n\t\t<div class=\"fusion-rollover\">\n\t<div class=\"fusion-rollover-content\">\n\n\t\t\t\t\t\t\t\t\t\t\t\t\t\t<a class=\"fusion-rollover-link\" href=\"https:\/\/www.konradthaler.com\/de\/verlegung-randsteine-in-der-gemeinde-deutschnofen\">Verlegen von Randsteinen in der Gemeinde Deutschnofen<\/a>\n\t\t\t\n\t\t\t\t\t\t\t\t\n\t\t\t\t\n\t\t\t\t\t\t\t\t\n\t\t\t\t\t\t\t\t\n\t\t\n\t\t\t\t<a class=\"fusion-link-wrapper\" href=\"https:\/\/www.konradthaler.com\/de\/verlegung-randsteine-in-der-gemeinde-deutschnofen\" aria-label=\"Verlegen von Randsteinen in der Gemeinde Deutschnofen\"><\/a>\n\t<\/div>\n<\/div>\n\n\t\n<\/div>\n<\/li>\n\t\t\t\n\t\t\t\n\t\t\t\t\t\t\t\t\t\t\t\t\t\t\t\t\t\t\t\t\t\t\t\t\t\t\t\t\t\t\t\t\t\t\t\t\t\t\t\t\t\t\t\t\t\t\t\t\t\t\t\t\t\t\t\t\t\t\t\t\t\t\t\t\t\t\t\t<\/ul>\n\t<\/div>\n\t<div class=\"fusion-post-content-wrapper\" style=\"padding:20px 20px 20px 20px;\"><div class=\"fusion-post-content post-content\"><h2 class=\"blog-shortcode-post-title\"><a href=\"https:\/\/www.konradthaler.com\/de\/verlegung-randsteine-in-der-gemeinde-deutschnofen\">Verlegen von Randsteinen in der Gemeinde Deutschnofen<\/a><\/h2><\/div><\/div><div class=\"fusion-clearfix\"><\/div><\/div>\n<\/article>\n<article id=\"blog-1-post-1973\" class=\"fusion-post-grid post-1973 post type-post status-publish format-standard has-post-thumbnail hentry category-projekte\">\n<div class=\"fusion-post-wrapper\" style=\"background-color:rgba(255,255,255,0);border:1px solid #ffffff;border-bottom-width:3px;\">\n\n\t\t\t<div class=\"fusion-flexslider flexslider fusion-flexslider-loading fusion-post-slideshow\" style=\"border-color:#ffffff;\">\n\t\t<ul class=\"slides\">\n\t\t\t\n\t\t\t\t\t\t\t\t\t\t\t\t\t\t<li>\n\n<div  class=\"fusion-image-wrapper\" aria-haspopup=\"true\">\n\t\n\t\n\t\t\n\t\t\t\t\t<img width=\"1536\" height=\"2048\" src=\"https:\/\/www.konradthaler.com\/wp-content\/uploads\/IMG_0375-1.jpeg\" class=\"attachment-full size-full wp-post-image\" alt=\"\" decoding=\"async\" loading=\"lazy\" srcset=\"https:\/\/www.konradthaler.com\/wp-content\/uploads\/IMG_0375-1-200x267.jpeg 200w, https:\/\/www.konradthaler.com\/wp-content\/uploads\/IMG_0375-1-400x533.jpeg 400w, https:\/\/www.konradthaler.com\/wp-content\/uploads\/IMG_0375-1-600x800.jpeg 600w, https:\/\/www.konradthaler.com\/wp-content\/uploads\/IMG_0375-1-800x1067.jpeg 800w, https:\/\/www.konradthaler.com\/wp-content\/uploads\/IMG_0375-1-1200x1600.jpeg 1200w, https:\/\/www.konradthaler.com\/wp-content\/uploads\/IMG_0375-1.jpeg 1536w\" sizes=\"(min-width: 2200px) 100vw, (min-width: 856px) 318px, (min-width: 784px) 423px, (min-width: 712px) 635px, (min-width: 640px) 712px, \" \/>\n\t\n\n\t\t<div class=\"fusion-rollover\">\n\t<div class=\"fusion-rollover-content\">\n\n\t\t\t\t\t\t\t\t\t\t\t\t\t\t<a class=\"fusion-rollover-link\" href=\"https:\/\/www.konradthaler.com\/de\/realizzazione-di-nuovi-parcheggi-a-nova-ponente-zona-artigianale\">Errichtung neuer Parkpl\u00e4tze, Handwerkerzone Deutschnofen<\/a>\n\t\t\t\n\t\t\t\t\t\t\t\t\n\t\t\t\t\n\t\t\t\t\t\t\t\t\n\t\t\t\t\t\t\t\t\n\t\t\n\t\t\t\t<a class=\"fusion-link-wrapper\" href=\"https:\/\/www.konradthaler.com\/de\/realizzazione-di-nuovi-parcheggi-a-nova-ponente-zona-artigianale\" aria-label=\"Errichtung neuer Parkpl\u00e4tze, Handwerkerzone Deutschnofen\"><\/a>\n\t<\/div>\n<\/div>\n\n\t\n<\/div>\n<\/li>\n\t\t\t\n\t\t\t\n\t\t\t\t\t\t\t\t\t\t\t\t\t\t\t\t\t\t\t\t\t\t\t\t\t\t\t\t\t\t\t\t\t\t\t\t\t\t\t\t\t\t\t\t\t\t\t\t\t\t\t\t\t\t\t\t\t\t\t\t\t\t\t\t\t\t\t\t<\/ul>\n\t<\/div>\n\t<div class=\"fusion-post-content-wrapper\" style=\"padding:20px 20px 20px 20px;\"><div class=\"fusion-post-content post-content\"><h2 class=\"blog-shortcode-post-title\"><a href=\"https:\/\/www.konradthaler.com\/de\/realizzazione-di-nuovi-parcheggi-a-nova-ponente-zona-artigianale\">Errichtung neuer Parkpl\u00e4tze, Handwerkerzone Deutschnofen<\/a><\/h2><\/div><\/div><div class=\"fusion-clearfix\"><\/div><\/div>\n<\/article>\n<div class=\"fusion-clearfix\"><\/div><\/div><\/div><\/div><\/div><style type=\"text\/css\">.fusion-body .fusion-builder-column-2{width:100% !important;margin-top : 0px;margin-bottom : 20px;}.fusion-builder-column-2 > .fusion-column-wrapper {padding-top : 0px !important;padding-right : 0px !important;margin-right : 1.92%;padding-bottom : 0px !important;padding-left : 0px !important;margin-left : 1.92%;}@media only screen and (max-width:1024px) {.fusion-body .fusion-builder-column-2{width:100% !important;order : 0;}.fusion-builder-column-2 > .fusion-column-wrapper {margin-right : 1.92%;margin-left : 1.92%;}}@media only screen and (max-width:640px) {.fusion-body .fusion-builder-column-2{width:100% !important;order : 0;}.fusion-builder-column-2 > .fusion-column-wrapper {margin-right : 1.92%;margin-left : 1.92%;}}<\/style><\/div><style type=\"text\/css\">.fusion-body .fusion-flex-container.fusion-builder-row-2{ padding-top : 0px;margin-top : 0px;padding-right : 0px;padding-bottom : 0px;margin-bottom : 0px;padding-left : 0px;}<\/style><\/div><\/p>\n","protected":false},"excerpt":{"rendered":"","protected":false},"author":1,"featured_media":0,"parent":0,"menu_order":0,"comment_status":"closed","ping_status":"closed","template":"","meta":[],"_links":{"self":[{"href":"https:\/\/www.konradthaler.com\/de\/wp-json\/wp\/v2\/pages\/254"}],"collection":[{"href":"https:\/\/www.konradthaler.com\/de\/wp-json\/wp\/v2\/pages"}],"about":[{"href":"https:\/\/www.konradthaler.com\/de\/wp-json\/wp\/v2\/types\/page"}],"author":[{"embeddable":true,"href":"https:\/\/www.konradthaler.com\/de\/wp-json\/wp\/v2\/users\/1"}],"replies":[{"embeddable":true,"href":"https:\/\/www.konradthaler.com\/de\/wp-json\/wp\/v2\/comments?post=254"}],"version-history":[{"count":5,"href":"https:\/\/www.konradthaler.com\/de\/wp-json\/wp\/v2\/pages\/254\/revisions"}],"predecessor-version":[{"id":2081,"href":"https:\/\/www.konradthaler.com\/de\/wp-json\/wp\/v2\/pages\/254\/revisions\/2081"}],"wp:attachment":[{"href":"https:\/\/www.konradthaler.com\/de\/wp-json\/wp\/v2\/media?parent=254"}],"curies":[{"name":"wp","href":"https:\/\/api.w.org\/{rel}","templated":true}]}}